{"id":21529,"date":"2025-08-05T20:52:25","date_gmt":"2025-08-05T20:52:25","guid":{"rendered":"https:\/\/packmarkt.com\/product\/kontejner-per-lubrifikant-5l-1-palete-220-cope\/"},"modified":"2025-08-05T20:52:25","modified_gmt":"2025-08-05T17:52:25","slug":"kontejner-per-lubrifikant-5l-1-palete-220-cope","status":"publish","type":"product","link":"https:\/\/packmarkt.com\/sq\/produkt\/kontejner-per-lubrifikant-5l-1-palete-220-cope\/","title":{"rendered":"Kontejner p\u00ebr lubrifikant 5L &#8211; 1 Palet\u00eb (220 cop\u00eb)"},"content":{"rendered":"","protected":false},"excerpt":{"rendered":"<p><strong>Kodi:<\/strong> SER-LU-CA-5L<br \/>\n<strong>Lubricant Bottle 5l<\/strong><br \/>\n<strong>Kapacitet:<\/strong> 5L<br \/>\n<strong>Lart\u00ebsia:<\/strong> 304mm<br \/>\n<strong>Thell\u00ebsia:<\/strong> 125mm<br \/>\n<strong>Gjer\u00ebsia:<\/strong> 231mm<br \/>\n<strong>Lart\u00ebsia e etiket\u00ebs:<\/strong> 180mm<br \/>\n<strong>Metoda e prodhimit:<\/strong> PE<br \/>\n<strong>Cop\u00eb \/ palet\u00eb:<\/strong> 220<br \/>\n<strong>Paketimi:<\/strong> 1 palet\u00eb<\/p>\n","protected":false},"featured_media":7539,"template":"","meta":[],"product_brand":[],"product_cat":[1424],"product_tag":[],"class_list":{"0":"post-21529","1":"product","2":"type-product","3":"status-publish","4":"has-post-thumbnail","6":"product_cat-lubrifikante","7":"ts_product_brand-serdar","9":"first","10":"instock","11":"taxable","12":"shipping-taxable","13":"product-type-simple"},"aioseo_notices":[],"_links":{"self":[{"href":"https:\/\/packmarkt.com\/sq\/wp-json\/wp\/v2\/product\/21529","targetHints":{"allow":["GET"]}}],"collection":[{"href":"https:\/\/packmarkt.com\/sq\/wp-json\/wp\/v2\/product"}],"about":[{"href":"https:\/\/packmarkt.com\/sq\/wp-json\/wp\/v2\/types\/product"}],"wp:featuredmedia":[{"embeddable":true,"href":"https:\/\/packmarkt.com\/sq\/wp-json\/wp\/v2\/media\/7539"}],"wp:attachment":[{"href":"https:\/\/packmarkt.com\/sq\/wp-json\/wp\/v2\/media?parent=21529"}],"wp:term":[{"taxonomy":"product_brand","embeddable":true,"href":"https:\/\/packmarkt.com\/sq\/wp-json\/wp\/v2\/product_brand?post=21529"},{"taxonomy":"product_cat","embeddable":true,"href":"https:\/\/packmarkt.com\/sq\/wp-json\/wp\/v2\/product_cat?post=21529"},{"taxonomy":"product_tag","embeddable":true,"href":"https:\/\/packmarkt.com\/sq\/wp-json\/wp\/v2\/product_tag?post=21529"}],"curies":[{"name":"wp","href":"https:\/\/api.w.org\/{rel}","templated":true}]}}