{"id":21520,"date":"2025-08-05T20:52:23","date_gmt":"2025-08-05T20:52:23","guid":{"rendered":"https:\/\/packmarkt.com\/product\/shishe-per-lubrifikant-1l-1-palete-1008-cope\/"},"modified":"2025-08-05T20:52:23","modified_gmt":"2025-08-05T17:52:23","slug":"shishe-per-lubrifikant-1l-1-palete-1008-cope","status":"publish","type":"product","link":"https:\/\/packmarkt.com\/sq\/produkt\/shishe-per-lubrifikant-1l-1-palete-1008-cope\/","title":{"rendered":"Shishe p\u00ebr lubrifikant 1L &#8211; 1 Palet\u00eb (1008 cop\u00eb)"},"content":{"rendered":"","protected":false},"excerpt":{"rendered":"<p><strong>Kodi:<\/strong> SER-LU-BO-1L<br \/>\n<strong>Shishe Lubrifikanti 1L<\/strong><br \/>\n<strong>Kapaciteti:<\/strong> 1L<br \/>\n<strong>Lart\u00ebsia:<\/strong> 211mm<br \/>\n<strong>Thell\u00ebsia:<\/strong> 64mm<br \/>\n<strong>Gjer\u00ebsia:<\/strong> 122mm<br \/>\n<strong>Lart\u00ebsia e etiket\u00ebs:<\/strong> 120mm<br \/>\n<strong>Gjer\u00ebsia e etiket\u00ebs:<\/strong> 56 \/ 100mm<br \/>\n<strong>Metoda e prodhimit:<\/strong> PE<br \/>\n<strong>Cop\u00eb \/ palet\u00eb:<\/strong> 1008<br \/>\n<strong>Paketimi:<\/strong> 1 palet\u00eb<\/p>\n","protected":false},"featured_media":7462,"template":"","meta":[],"product_brand":[],"product_cat":[1424],"product_tag":[],"class_list":{"0":"post-21520","1":"product","2":"type-product","3":"status-publish","4":"has-post-thumbnail","6":"product_cat-lubrifikante","7":"ts_product_brand-serdar","9":"first","10":"instock","11":"taxable","12":"shipping-taxable","13":"product-type-simple"},"aioseo_notices":[],"_links":{"self":[{"href":"https:\/\/packmarkt.com\/sq\/wp-json\/wp\/v2\/product\/21520","targetHints":{"allow":["GET"]}}],"collection":[{"href":"https:\/\/packmarkt.com\/sq\/wp-json\/wp\/v2\/product"}],"about":[{"href":"https:\/\/packmarkt.com\/sq\/wp-json\/wp\/v2\/types\/product"}],"wp:featuredmedia":[{"embeddable":true,"href":"https:\/\/packmarkt.com\/sq\/wp-json\/wp\/v2\/media\/7462"}],"wp:attachment":[{"href":"https:\/\/packmarkt.com\/sq\/wp-json\/wp\/v2\/media?parent=21520"}],"wp:term":[{"taxonomy":"product_brand","embeddable":true,"href":"https:\/\/packmarkt.com\/sq\/wp-json\/wp\/v2\/product_brand?post=21520"},{"taxonomy":"product_cat","embeddable":true,"href":"https:\/\/packmarkt.com\/sq\/wp-json\/wp\/v2\/product_cat?post=21520"},{"taxonomy":"product_tag","embeddable":true,"href":"https:\/\/packmarkt.com\/sq\/wp-json\/wp\/v2\/product_tag?post=21520"}],"curies":[{"name":"wp","href":"https:\/\/api.w.org\/{rel}","templated":true}]}}