{"id":21514,"date":"2025-08-05T20:52:19","date_gmt":"2025-08-05T20:52:19","guid":{"rendered":"https:\/\/packmarkt.com\/product\/shishe-me-qafe-te-sheshte-te-lakuar-1l-1-palete-1344-cope\/"},"modified":"2025-08-05T20:52:19","modified_gmt":"2025-08-05T17:52:19","slug":"shishe-me-qafe-te-sheshte-te-lakuar-1l-1-palete-1344-cope","status":"publish","type":"product","link":"https:\/\/packmarkt.com\/sq\/produkt\/shishe-me-qafe-te-sheshte-te-lakuar-1l-1-palete-1344-cope\/","title":{"rendered":"Shishe me qaf\u00eb t\u00eb shesht\u00eb t\u00eb lakuar 1L &#8211; 1 Palet\u00eb (1344 cop\u00eb.)"},"content":{"rendered":"","protected":false},"excerpt":{"rendered":"<p><strong>Kodi:<\/strong> SER-CL-KY2-1L<br \/>\n<strong>Shishe me qaf\u00eb t\u00eb lakuar t\u00eb shesht\u00eb 1L<\/strong><br \/>\n<strong>Kapaciteti:<\/strong> 1L<br \/>\n<strong>Gjer\u00ebsia:<\/strong> 87,5mm<br \/>\n<strong>Lart\u00ebsia:<\/strong> 277mm<br \/>\n<strong>Gjer\u00ebsia e etiket\u00ebs:<\/strong> 67mm<br \/>\n<strong>Lart\u00ebsia e etiket\u00ebs:<\/strong> 124mm<br \/>\n<strong>Metoda e prodhimit:<\/strong> PE<br \/>\n<strong>Cop\u00eb \/ palet\u00eb:<\/strong> 1344<br \/>\n<strong>Paketimi:<\/strong> 1 palet\u00eb<\/p>\n","protected":false},"featured_media":7538,"template":"","meta":[],"product_brand":[],"product_cat":[1375],"product_tag":[],"class_list":{"0":"post-21514","1":"product","2":"type-product","3":"status-publish","4":"has-post-thumbnail","6":"product_cat-kimikate-dhe-detergjente","7":"ts_product_brand-serdar","9":"first","10":"instock","11":"taxable","12":"shipping-taxable","13":"product-type-simple"},"aioseo_notices":[],"_links":{"self":[{"href":"https:\/\/packmarkt.com\/sq\/wp-json\/wp\/v2\/product\/21514","targetHints":{"allow":["GET"]}}],"collection":[{"href":"https:\/\/packmarkt.com\/sq\/wp-json\/wp\/v2\/product"}],"about":[{"href":"https:\/\/packmarkt.com\/sq\/wp-json\/wp\/v2\/types\/product"}],"wp:featuredmedia":[{"embeddable":true,"href":"https:\/\/packmarkt.com\/sq\/wp-json\/wp\/v2\/media\/7538"}],"wp:attachment":[{"href":"https:\/\/packmarkt.com\/sq\/wp-json\/wp\/v2\/media?parent=21514"}],"wp:term":[{"taxonomy":"product_brand","embeddable":true,"href":"https:\/\/packmarkt.com\/sq\/wp-json\/wp\/v2\/product_brand?post=21514"},{"taxonomy":"product_cat","embeddable":true,"href":"https:\/\/packmarkt.com\/sq\/wp-json\/wp\/v2\/product_cat?post=21514"},{"taxonomy":"product_tag","embeddable":true,"href":"https:\/\/packmarkt.com\/sq\/wp-json\/wp\/v2\/product_tag?post=21514"}],"curies":[{"name":"wp","href":"https:\/\/api.w.org\/{rel}","templated":true}]}}