{"id":21469,"date":"2025-08-05T20:52:31","date_gmt":"2025-08-05T20:52:31","guid":{"rendered":"https:\/\/packmarkt.com\/product\/shishe-per-salce-2l-1-palete-360-cope\/"},"modified":"2025-08-05T20:52:31","modified_gmt":"2025-08-05T17:52:31","slug":"shishe-per-salce-2l-1-palete-360-cope","status":"publish","type":"product","link":"https:\/\/packmarkt.com\/sq\/produkt\/shishe-per-salce-2l-1-palete-360-cope\/","title":{"rendered":"Shishe p\u00ebr salc\u00eb 2L &#8211; 1 Palet\u00eb (360 cop\u00eb)"},"content":{"rendered":"","protected":false},"excerpt":{"rendered":"<p><strong>Kodi:<\/strong> SAR-PS02000S0432<br \/>\n<strong>Kapaciteti:<\/strong> 2L<br \/>\n<strong>Pesha:<\/strong> 90gr<br \/>\n<strong>Kapaku: <\/strong>\u00d8 50mm<br \/>\n<strong>Cop\u00eb \/ palet\u00eb:<\/strong> 360<br \/>\n<strong>Paketimi:<\/strong> 1 palet\u00eb<\/p>\n","protected":false},"featured_media":8560,"template":"","meta":[],"product_brand":[],"product_cat":[1376],"product_tag":[],"class_list":{"0":"post-21469","1":"product","2":"type-product","3":"status-publish","4":"has-post-thumbnail","6":"product_cat-ushqime","8":"first","9":"instock","10":"taxable","11":"shipping-taxable","12":"product-type-simple"},"aioseo_notices":[],"_links":{"self":[{"href":"https:\/\/packmarkt.com\/sq\/wp-json\/wp\/v2\/product\/21469","targetHints":{"allow":["GET"]}}],"collection":[{"href":"https:\/\/packmarkt.com\/sq\/wp-json\/wp\/v2\/product"}],"about":[{"href":"https:\/\/packmarkt.com\/sq\/wp-json\/wp\/v2\/types\/product"}],"wp:featuredmedia":[{"embeddable":true,"href":"https:\/\/packmarkt.com\/sq\/wp-json\/wp\/v2\/media\/8560"}],"wp:attachment":[{"href":"https:\/\/packmarkt.com\/sq\/wp-json\/wp\/v2\/media?parent=21469"}],"wp:term":[{"taxonomy":"product_brand","embeddable":true,"href":"https:\/\/packmarkt.com\/sq\/wp-json\/wp\/v2\/product_brand?post=21469"},{"taxonomy":"product_cat","embeddable":true,"href":"https:\/\/packmarkt.com\/sq\/wp-json\/wp\/v2\/product_cat?post=21469"},{"taxonomy":"product_tag","embeddable":true,"href":"https:\/\/packmarkt.com\/sq\/wp-json\/wp\/v2\/product_tag?post=21469"}],"curies":[{"name":"wp","href":"https:\/\/api.w.org\/{rel}","templated":true}]}}