{"id":21366,"date":"2025-08-05T20:52:33","date_gmt":"2025-08-05T20:52:33","guid":{"rendered":"https:\/\/packmarkt.com\/product\/shishe-e-rrumbullaket-me-gryke-100ml-1-palete-6000-cope\/"},"modified":"2025-08-05T20:52:33","modified_gmt":"2025-08-05T17:52:33","slug":"shishe-e-rrumbullaket-me-gryke-100ml-1-palete-6000-cope","status":"publish","type":"product","link":"https:\/\/packmarkt.com\/sq\/produkt\/shishe-e-rrumbullaket-me-gryke-100ml-1-palete-6000-cope\/","title":{"rendered":"Shishe e rrumbullak\u00ebt me gryk\u00eb 100ml &#8211; 1 Palet\u00eb (6000 cop\u00eb)"},"content":{"rendered":"","protected":false},"excerpt":{"rendered":"<p><strong>Kodi:<\/strong> SAR-PS00100S0141<br \/>\n<strong>Kapaciteti:<\/strong> 100ml<br \/>\n<strong>Pesha:<\/strong> 18gr<br \/>\n<strong>Kapaku: <\/strong>\u00d8 38mm<br \/>\n<strong>Cop\u00eb \/ palet\u00eb:<\/strong> 6000<br \/>\n<strong>Paketimi:<\/strong> 1 palet\u00eb<\/p>\n","protected":false},"featured_media":8791,"template":"","meta":[],"product_brand":[],"product_cat":[1375],"product_tag":[],"class_list":{"0":"post-21366","1":"product","2":"type-product","3":"status-publish","4":"has-post-thumbnail","6":"product_cat-kimikate-dhe-detergjente","8":"first","9":"instock","10":"taxable","11":"shipping-taxable","12":"product-type-simple"},"aioseo_notices":[],"_links":{"self":[{"href":"https:\/\/packmarkt.com\/sq\/wp-json\/wp\/v2\/product\/21366","targetHints":{"allow":["GET"]}}],"collection":[{"href":"https:\/\/packmarkt.com\/sq\/wp-json\/wp\/v2\/product"}],"about":[{"href":"https:\/\/packmarkt.com\/sq\/wp-json\/wp\/v2\/types\/product"}],"wp:featuredmedia":[{"embeddable":true,"href":"https:\/\/packmarkt.com\/sq\/wp-json\/wp\/v2\/media\/8791"}],"wp:attachment":[{"href":"https:\/\/packmarkt.com\/sq\/wp-json\/wp\/v2\/media?parent=21366"}],"wp:term":[{"taxonomy":"product_brand","embeddable":true,"href":"https:\/\/packmarkt.com\/sq\/wp-json\/wp\/v2\/product_brand?post=21366"},{"taxonomy":"product_cat","embeddable":true,"href":"https:\/\/packmarkt.com\/sq\/wp-json\/wp\/v2\/product_cat?post=21366"},{"taxonomy":"product_tag","embeddable":true,"href":"https:\/\/packmarkt.com\/sq\/wp-json\/wp\/v2\/product_tag?post=21366"}],"curies":[{"name":"wp","href":"https:\/\/api.w.org\/{rel}","templated":true}]}}