{"id":21328,"date":"2025-08-05T20:52:38","date_gmt":"2025-08-05T20:52:38","guid":{"rendered":"https:\/\/packmarkt.com\/product\/shishe-e-rrumbullaket-pa-zone-per-etikete-500ml-1-palete-1536-cope\/"},"modified":"2025-08-05T20:52:38","modified_gmt":"2025-08-05T17:52:38","slug":"shishe-e-rrumbullaket-pa-zone-per-etikete-500ml-1-palete-1536-cope","status":"publish","type":"product","link":"https:\/\/packmarkt.com\/sq\/produkt\/shishe-e-rrumbullaket-pa-zone-per-etikete-500ml-1-palete-1536-cope\/","title":{"rendered":"Shishe e rrumbullak\u00ebt pa zon\u00eb p\u00ebr etiket\u00eb 500ml &#8211; 1 Palet\u00eb (1536 cop\u00eb)"},"content":{"rendered":"","protected":false},"excerpt":{"rendered":"<p><strong>Kodi:<\/strong> SAR-PS00500S0147<br \/>\n<strong>Kapaciteti:<\/strong> 500ml<br \/>\n<strong>Pesha:<\/strong> 48gr<br \/>\n<strong>Kapaku: <\/strong>\u00d8 50mm<br \/>\n<strong>Cop\u00eb \/ palet\u00eb:<\/strong> 1536<br \/>\n<strong>Paketimi:<\/strong> 1 palet\u00eb<\/p>\n","protected":false},"featured_media":8786,"template":"","meta":[],"product_brand":[],"product_cat":[1375],"product_tag":[],"class_list":{"0":"post-21328","1":"product","2":"type-product","3":"status-publish","4":"has-post-thumbnail","6":"product_cat-kimikate-dhe-detergjente","8":"first","9":"instock","10":"taxable","11":"shipping-taxable","12":"product-type-simple"},"aioseo_notices":[],"_links":{"self":[{"href":"https:\/\/packmarkt.com\/sq\/wp-json\/wp\/v2\/product\/21328","targetHints":{"allow":["GET"]}}],"collection":[{"href":"https:\/\/packmarkt.com\/sq\/wp-json\/wp\/v2\/product"}],"about":[{"href":"https:\/\/packmarkt.com\/sq\/wp-json\/wp\/v2\/types\/product"}],"wp:featuredmedia":[{"embeddable":true,"href":"https:\/\/packmarkt.com\/sq\/wp-json\/wp\/v2\/media\/8786"}],"wp:attachment":[{"href":"https:\/\/packmarkt.com\/sq\/wp-json\/wp\/v2\/media?parent=21328"}],"wp:term":[{"taxonomy":"product_brand","embeddable":true,"href":"https:\/\/packmarkt.com\/sq\/wp-json\/wp\/v2\/product_brand?post=21328"},{"taxonomy":"product_cat","embeddable":true,"href":"https:\/\/packmarkt.com\/sq\/wp-json\/wp\/v2\/product_cat?post=21328"},{"taxonomy":"product_tag","embeddable":true,"href":"https:\/\/packmarkt.com\/sq\/wp-json\/wp\/v2\/product_tag?post=21328"}],"curies":[{"name":"wp","href":"https:\/\/api.w.org\/{rel}","templated":true}]}}