{"id":21298,"date":"2025-08-05T20:52:40","date_gmt":"2025-08-05T20:52:40","guid":{"rendered":"https:\/\/packmarkt.com\/product\/shishe-e-rrumbullaket-me-zone-per-etikete-1l-1-palete-750-cope\/"},"modified":"2025-08-05T20:52:40","modified_gmt":"2025-08-05T17:52:40","slug":"shishe-e-rrumbullaket-me-zone-per-etikete-1l-1-palete-750-cope","status":"publish","type":"product","link":"https:\/\/packmarkt.com\/sq\/produkt\/shishe-e-rrumbullaket-me-zone-per-etikete-1l-1-palete-750-cope\/","title":{"rendered":"Shishe e rrumbullak\u00ebt me zon\u00eb p\u00ebr etiket\u00eb 1L &#8211; 1 Palet\u00eb (750 cop\u00eb)"},"content":{"rendered":"","protected":false},"excerpt":{"rendered":"<p><strong>Kodi:<\/strong> SAR-PS01000S0149<br \/>\n<strong>Kapaciteti:<\/strong> 1L<br \/>\n<strong>Pesha:<\/strong> 90-105gr<br \/>\n<strong>Kapaku: <\/strong>\u00d8 50mm<br \/>\n<strong>Cop\u00eb \/ palet\u00eb:<\/strong> 750<br \/>\n<strong>Paketimi:<\/strong> 1 palet\u00eb<\/p>\n","protected":false},"featured_media":8782,"template":"","meta":[],"product_brand":[],"product_cat":[1375],"product_tag":[],"class_list":{"0":"post-21298","1":"product","2":"type-product","3":"status-publish","4":"has-post-thumbnail","6":"product_cat-kimikate-dhe-detergjente","8":"first","9":"instock","10":"taxable","11":"shipping-taxable","12":"product-type-simple"},"aioseo_notices":[],"_links":{"self":[{"href":"https:\/\/packmarkt.com\/sq\/wp-json\/wp\/v2\/product\/21298","targetHints":{"allow":["GET"]}}],"collection":[{"href":"https:\/\/packmarkt.com\/sq\/wp-json\/wp\/v2\/product"}],"about":[{"href":"https:\/\/packmarkt.com\/sq\/wp-json\/wp\/v2\/types\/product"}],"wp:featuredmedia":[{"embeddable":true,"href":"https:\/\/packmarkt.com\/sq\/wp-json\/wp\/v2\/media\/8782"}],"wp:attachment":[{"href":"https:\/\/packmarkt.com\/sq\/wp-json\/wp\/v2\/media?parent=21298"}],"wp:term":[{"taxonomy":"product_brand","embeddable":true,"href":"https:\/\/packmarkt.com\/sq\/wp-json\/wp\/v2\/product_brand?post=21298"},{"taxonomy":"product_cat","embeddable":true,"href":"https:\/\/packmarkt.com\/sq\/wp-json\/wp\/v2\/product_cat?post=21298"},{"taxonomy":"product_tag","embeddable":true,"href":"https:\/\/packmarkt.com\/sq\/wp-json\/wp\/v2\/product_tag?post=21298"}],"curies":[{"name":"wp","href":"https:\/\/api.w.org\/{rel}","templated":true}]}}