{"id":21288,"date":"2025-08-05T20:52:37","date_gmt":"2025-08-05T20:52:37","guid":{"rendered":"https:\/\/packmarkt.com\/product\/kavanoz-i-rrumbullaket-pa-zone-per-etikete-250ml-1-palete-2592-cope\/"},"modified":"2025-08-05T20:52:37","modified_gmt":"2025-08-05T17:52:37","slug":"kavanoz-i-rrumbullaket-pa-zone-per-etikete-250ml-1-palete-2592-cope","status":"publish","type":"product","link":"https:\/\/packmarkt.com\/sq\/produkt\/kavanoz-i-rrumbullaket-pa-zone-per-etikete-250ml-1-palete-2592-cope\/","title":{"rendered":"Kavanoz i rrumbullak\u00ebt pa zon\u00eb p\u00ebr etiket\u00eb 250ml &#8211; 1 Palet\u00eb (2592 cop\u00eb)"},"content":{"rendered":"","protected":false},"excerpt":{"rendered":"<p><strong>Kodi:<\/strong> SAR-PS00250S0143<br \/>\n<strong>Kapaciteti:<\/strong> 250ml<br \/>\n<strong>Pesha:<\/strong> 32gr<br \/>\n<strong>Kapaku: <\/strong>\u00d8 50mm<br \/>\n<strong>Cop\u00eb \/ palet\u00eb:<\/strong> 2592<br \/>\n<strong>Paketimi:<\/strong> 1 palet\u00eb<\/p>\n","protected":false},"featured_media":8787,"template":"","meta":[],"product_brand":[],"product_cat":[1375],"product_tag":[],"class_list":{"0":"post-21288","1":"product","2":"type-product","3":"status-publish","4":"has-post-thumbnail","6":"product_cat-kimikate-dhe-detergjente","8":"first","9":"instock","10":"taxable","11":"shipping-taxable","12":"product-type-simple"},"aioseo_notices":[],"_links":{"self":[{"href":"https:\/\/packmarkt.com\/sq\/wp-json\/wp\/v2\/product\/21288","targetHints":{"allow":["GET"]}}],"collection":[{"href":"https:\/\/packmarkt.com\/sq\/wp-json\/wp\/v2\/product"}],"about":[{"href":"https:\/\/packmarkt.com\/sq\/wp-json\/wp\/v2\/types\/product"}],"wp:featuredmedia":[{"embeddable":true,"href":"https:\/\/packmarkt.com\/sq\/wp-json\/wp\/v2\/media\/8787"}],"wp:attachment":[{"href":"https:\/\/packmarkt.com\/sq\/wp-json\/wp\/v2\/media?parent=21288"}],"wp:term":[{"taxonomy":"product_brand","embeddable":true,"href":"https:\/\/packmarkt.com\/sq\/wp-json\/wp\/v2\/product_brand?post=21288"},{"taxonomy":"product_cat","embeddable":true,"href":"https:\/\/packmarkt.com\/sq\/wp-json\/wp\/v2\/product_cat?post=21288"},{"taxonomy":"product_tag","embeddable":true,"href":"https:\/\/packmarkt.com\/sq\/wp-json\/wp\/v2\/product_tag?post=21288"}],"curies":[{"name":"wp","href":"https:\/\/api.w.org\/{rel}","templated":true}]}}