{"id":21246,"date":"2025-08-05T20:33:34","date_gmt":"2025-08-05T20:33:34","guid":{"rendered":"https:\/\/packmarkt.com\/product\/bidon-i-shkurter-5l-1-palete-175-cope\/"},"modified":"2026-04-08T15:24:50","modified_gmt":"2026-04-08T12:24:50","slug":"bidon-i-shkurter-5l-1-palete-175-cope","status":"publish","type":"product","link":"https:\/\/packmarkt.com\/sq\/produkt\/bidon-i-shkurter-5l-1-palete-175-cope\/","title":{"rendered":"Bidon i shkurt\u00ebr 5L &#8211; 1 Palet\u00eb (175 cop\u00eb)"},"content":{"rendered":"<p class=\"p1\">Bidoni i shkurt\u00ebr 5L \u00ebsht\u00eb nj\u00eb zgjidhje e q\u00ebndrueshme dhe praktike p\u00ebr ruajtjen dhe transportin e produkteve t\u00eb l\u00ebngshme. Dizajni i tij kompakt dhe m\u00eb i gjer\u00eb ofron stabilitet t\u00eb shtuar, nd\u00ebrsa prodhimi me teknologjin\u00eb PE\/COEX (PA\/EVOH) siguron rezistenc\u00eb t\u00eb lart\u00eb dhe mbrojtje t\u00eb p\u00ebrmbajtjes. Disponohet n\u00eb palet\u00eb me 175 cop\u00eb, i p\u00ebrshtatsh\u00ebm p\u00ebr p\u00ebrdorim profesional.  <\/p>\n<h5><b>Karakteristika &amp; P\u00ebrfitime<\/b><\/h5>\n<ul>\n<li class=\"p1\"><span class=\"s1\"><b>Kapacitet kompakt:<\/b><\/span> 5 litra, ideal p\u00ebr p\u00ebrdorim profesional.<\/li>\n<li class=\"p1\"><span class=\"s1\"><b>Dizajn i shkurt\u00ebr:<\/b><\/span> Stabilitet i shtuar n\u00eb ruajtje dhe transport.<\/li>\n<li class=\"p1\"><span class=\"s1\"><b>Material PE\/COEX (PA\/EVOH):<\/b><\/span> Ofron rezistenc\u00eb t\u00eb shtuar dhe mbrojtje nga rrjedhjet.<\/li>\n<li class=\"p1\"><span class=\"s1\"><b>Hap\u00ebsir\u00eb e mjaftueshme p\u00ebr etiket\u00eb:<\/b><\/span> Sip\u00ebrfaqe e madhe p\u00ebr etiketim t\u00eb qart\u00eb dhe t\u00eb duksh\u00ebm.<\/li>\n<li class=\"p1\"><span class=\"s1\"><b>Furnizim me shumic\u00eb:<\/b><\/span> Palet\u00eb me 175 cop\u00eb p\u00ebr nevoja profesionale.<\/li>\n<\/ul>\n<h5><b>Specifikime Teknike<\/b><\/h5>\n<ul>\n<li class=\"p1\"><b>Kapacitet:<\/b><span class=\"s1\"> 5L<\/span><\/li>\n<li class=\"p1\"><b>Gjer\u00ebsia:<\/b><span class=\"s1\"> 233mm<\/span><\/li>\n<li class=\"p1\"><span class=\"s1\"><b>Lart\u00ebsia:<\/b><\/span> 246mm<\/li>\n<li class=\"p1\"><span class=\"s1\"><b>Thell\u00ebsia:<\/b><\/span> 133mm<\/li>\n<li class=\"p1\"><b>Gjer\u00ebsia e etiket\u00ebs:<\/b><span class=\"s1\"> 190mm<\/span><\/li>\n<li class=\"p1\"><b>Lart\u00ebsia e etiket\u00ebs:<\/b><span class=\"s1\"> 136mm<\/span><\/li>\n<li class=\"p1\"><span class=\"s1\"><b>Metoda e prodhimit:<\/b><\/span> PE \/ COEX (PA\/EVOH)<\/li>\n<li class=\"p1\"><b>Sasia p\u00ebr palet\u00eb:<\/b><span class=\"s1\"> 175 cop\u00eb<\/span><\/li>\n<li class=\"p1\"><b>Paketimi:<\/b><span class=\"s1\"> 1 palet\u00eb<\/span><\/li>\n<\/ul>\n<h5><b>Aplikimet<\/b><\/h5>\n<ul>\n<li class=\"p1\">Industrit\u00eb ushqimore dhe t\u00eb pijeve<\/li>\n<li class=\"p1\">Produkte kimike dhe pastrues<\/li>\n<li class=\"p1\">Produkte bujq\u00ebsore dhe plehra<\/li>\n<li class=\"p1\">Logjistika dhe magazina me nevoj\u00eb p\u00ebr stabilitet n\u00eb grumbullim<\/li>\n<\/ul>\n<p>&nbsp;<\/p>\n","protected":false},"excerpt":{"rendered":"<p><strong>Kodi:<\/strong> Serch5000<br \/>\n<strong>Short Bottle 5L<\/strong><br \/>\n<strong>Kapacitet:<\/strong> 5L<br \/>\n<strong>Gjer\u00ebsia:<\/strong> 233mm<br \/>\n<strong>Lart\u00ebsia:<\/strong> 246 mm<br \/>\n<strong>Thell\u00ebsia:<\/strong> 133mm<br \/>\n<strong>Gjer\u00ebsia e etiket\u00ebs:<\/strong> 190mm<br \/>\n<strong>Lart\u00ebsia e etiket\u00ebs:<\/strong> 136mm<br \/>\n<strong>Metoda e prodhimit:<\/strong> PE \/ COEX (PA\/EVOH)<br \/>\n<strong>Cop\u00eb \/ palet\u00eb:<\/strong> 175<br \/>\n<strong>Paketimi:<\/strong> 1 palet\u00eb<\/p>\n","protected":false},"featured_media":21249,"template":"","meta":[],"product_brand":[],"product_cat":[1375],"product_tag":[],"class_list":{"0":"post-21246","1":"product","2":"type-product","3":"status-publish","4":"has-post-thumbnail","6":"product_cat-kimikate-dhe-detergjente","7":"ts_product_brand-serdar","9":"first","10":"instock","11":"taxable","12":"shipping-taxable","13":"product-type-simple"},"aioseo_notices":[],"_links":{"self":[{"href":"https:\/\/packmarkt.com\/sq\/wp-json\/wp\/v2\/product\/21246","targetHints":{"allow":["GET"]}}],"collection":[{"href":"https:\/\/packmarkt.com\/sq\/wp-json\/wp\/v2\/product"}],"about":[{"href":"https:\/\/packmarkt.com\/sq\/wp-json\/wp\/v2\/types\/product"}],"wp:featuredmedia":[{"embeddable":true,"href":"https:\/\/packmarkt.com\/sq\/wp-json\/wp\/v2\/media\/21249"}],"wp:attachment":[{"href":"https:\/\/packmarkt.com\/sq\/wp-json\/wp\/v2\/media?parent=21246"}],"wp:term":[{"taxonomy":"product_brand","embeddable":true,"href":"https:\/\/packmarkt.com\/sq\/wp-json\/wp\/v2\/product_brand?post=21246"},{"taxonomy":"product_cat","embeddable":true,"href":"https:\/\/packmarkt.com\/sq\/wp-json\/wp\/v2\/product_cat?post=21246"},{"taxonomy":"product_tag","embeddable":true,"href":"https:\/\/packmarkt.com\/sq\/wp-json\/wp\/v2\/product_tag?post=21246"}],"curies":[{"name":"wp","href":"https:\/\/api.w.org\/{rel}","templated":true}]}}