{"id":21188,"date":"2025-08-05T20:52:21","date_gmt":"2025-08-05T20:52:21","guid":{"rendered":"https:\/\/packmarkt.com\/product\/shishe-zbutesi-rrobash-15l-1-palete-742-cope\/"},"modified":"2025-08-05T20:52:21","modified_gmt":"2025-08-05T17:52:21","slug":"shishe-zbutesi-rrobash-15l-1-palete-742-cope","status":"publish","type":"product","link":"https:\/\/packmarkt.com\/sq\/produkt\/shishe-zbutesi-rrobash-15l-1-palete-742-cope\/","title":{"rendered":"Shishe Zbut\u00ebsi Rrobash 1,5L &#8211; 1 Palet\u00eb (742 cop\u00eb)"},"content":{"rendered":"","protected":false},"excerpt":{"rendered":"<p><strong>Kodi:<\/strong> SER-CL-MA-1.5L<br \/>\n<strong>Softener-Bottle-1,5L<\/strong><br \/>\n<strong>Kapaciteti:<\/strong> 1,5L<br \/>\n<strong>Gjer\u00ebsia:<\/strong> 134mm<br \/>\n<strong>Lart\u00ebsia:<\/strong> 274mm<br \/>\n<strong>Thell\u00ebsia:<\/strong> 81,5mm<br \/>\n<strong>Metoda e prodhimit:<\/strong> PE<br \/>\n<strong>Cop\u00eb \/ palet\u00eb:<\/strong> 742<br \/>\n<strong>Paketimi:<\/strong> 1 palet\u00eb<\/p>\n","protected":false},"featured_media":8776,"template":"","meta":[],"product_brand":[],"product_cat":[1375],"product_tag":[],"class_list":{"0":"post-21188","1":"product","2":"type-product","3":"status-publish","4":"has-post-thumbnail","6":"product_cat-kimikate-dhe-detergjente","7":"ts_product_brand-serdar","9":"first","10":"instock","11":"taxable","12":"shipping-taxable","13":"product-type-simple"},"aioseo_notices":[],"_links":{"self":[{"href":"https:\/\/packmarkt.com\/sq\/wp-json\/wp\/v2\/product\/21188","targetHints":{"allow":["GET"]}}],"collection":[{"href":"https:\/\/packmarkt.com\/sq\/wp-json\/wp\/v2\/product"}],"about":[{"href":"https:\/\/packmarkt.com\/sq\/wp-json\/wp\/v2\/types\/product"}],"wp:featuredmedia":[{"embeddable":true,"href":"https:\/\/packmarkt.com\/sq\/wp-json\/wp\/v2\/media\/8776"}],"wp:attachment":[{"href":"https:\/\/packmarkt.com\/sq\/wp-json\/wp\/v2\/media?parent=21188"}],"wp:term":[{"taxonomy":"product_brand","embeddable":true,"href":"https:\/\/packmarkt.com\/sq\/wp-json\/wp\/v2\/product_brand?post=21188"},{"taxonomy":"product_cat","embeddable":true,"href":"https:\/\/packmarkt.com\/sq\/wp-json\/wp\/v2\/product_cat?post=21188"},{"taxonomy":"product_tag","embeddable":true,"href":"https:\/\/packmarkt.com\/sq\/wp-json\/wp\/v2\/product_tag?post=21188"}],"curies":[{"name":"wp","href":"https:\/\/api.w.org\/{rel}","templated":true}]}}