{"id":20949,"date":"2025-08-05T20:33:28","date_gmt":"2025-08-05T20:33:28","guid":{"rendered":"https:\/\/packmarkt.com\/product\/bidon-5l-1-palete-294-cope\/"},"modified":"2026-04-08T15:24:13","modified_gmt":"2026-04-08T12:24:13","slug":"bidon-5l-1-palete-294-cope","status":"publish","type":"product","link":"https:\/\/packmarkt.com\/sq\/produkt\/bidon-5l-1-palete-294-cope\/","title":{"rendered":"Bidon 5L &#8211; 1 Palet\u00eb (294 cop\u00eb)"},"content":{"rendered":"<p class=\"p1\">Bidoni 5L (Novice Bottle) \u00ebsht\u00eb nj\u00eb zgjedhje praktike dhe e besueshme p\u00ebr ruajtjen dhe transportin e produkteve t\u00eb l\u00ebngshme. Dizajni i tij ergonomik ofron leht\u00ebsi n\u00eb p\u00ebrdorim, nd\u00ebrsa disponueshm\u00ebria n\u00eb palet\u00eb me 294 cop\u00eb \u00ebsht\u00eb nj\u00eb zgjidhje ideale p\u00ebr nevoja profesionale n\u00eb shkall\u00eb t\u00eb gjer\u00eb. <\/p>\n<h5><b>Karakteristika &amp; P\u00ebrfitime<\/b><\/h5>\n<ul>\n<li class=\"p1\"><span class=\"s1\"><b>Kapacitet kompakt:<\/b><\/span> 5 litra, i p\u00ebrshtatsh\u00ebm p\u00ebr ushqime, kimikate dhe produkte bujq\u00ebsore.<\/li>\n<li class=\"p1\"><span class=\"s1\"><b>Dizajn ergonomik:<\/b><\/span> P\u00ebrmasa t\u00eb balancuara p\u00ebr trajtim dhe ruajtje t\u00eb leht\u00eb.<\/li>\n<li class=\"p1\"><span class=\"s1\"><b>Material i q\u00ebndruesh\u00ebm:<\/b><\/span> Prodhuar nga PE p\u00ebr besueshm\u00ebri dhe q\u00ebndrueshm\u00ebri n\u00eb p\u00ebrdorim.<\/li>\n<li class=\"p1\"><span class=\"s1\"><b>Sip\u00ebrfaqe etikete:<\/b><\/span> Projektuar me hap\u00ebsir\u00eb p\u00ebr etiketim t\u00eb qart\u00eb dhe t\u00eb dalluesh\u00ebm.<\/li>\n<li class=\"p1\"><span class=\"s1\"><b>Zgjidhje ekonomike:<\/b><\/span> Palet\u00eb me 294 cop\u00eb, ideale p\u00ebr furnizim me shumic\u00eb.<\/li>\n<\/ul>\n<h5><b>Specifikime Teknike<\/b><\/h5>\n<ul>\n<li class=\"p1\"><b>Kapacitet:<\/b><span class=\"s1\"> 5L<\/span><\/li>\n<li class=\"p1\"><b>Gjer\u00ebsi:<\/b><span class=\"s1\"> 185mm<\/span><\/li>\n<li class=\"p1\"><span class=\"s1\"><b>Lart\u00ebsi:<\/b><\/span> 285mm<\/li>\n<li class=\"p1\"><span class=\"s1\"><b>Thell\u00ebsi:<\/b><\/span> 129mm<\/li>\n<li class=\"p1\"><b>Gjer\u00ebsi etikete:<\/b><span class=\"s1\"> 140mm<\/span><\/li>\n<li class=\"p1\"><b>Lart\u00ebsi etikete:<\/b><span class=\"s1\"> 166mm<\/span><\/li>\n<li class=\"p1\"><b>Metoda e prodhimit:<\/b><span class=\"s1\"> PE<\/span><\/li>\n<li class=\"p1\"><b>Sasia p\u00ebr palet\u00eb:<\/b><span class=\"s1\"> 294 cop\u00eb<\/span><\/li>\n<li class=\"p1\"><b>Paketimi:<\/b><span class=\"s1\"> 1 palet\u00eb<\/span><\/li>\n<\/ul>\n<h5><b>Aplikimet<\/b><\/h5>\n<ul>\n<li class=\"p1\">Industrit\u00eb ushqimore dhe t\u00eb pijeve<\/li>\n<li class=\"p1\">Produkte kimike dhe pastrues<\/li>\n<li class=\"p1\">Produkte bujq\u00ebsore dhe plehra<\/li>\n<li class=\"p1\">Ruajtje dhe shp\u00ebrndarje profesionale e l\u00ebngjeve<\/li>\n<\/ul>\n<p>&nbsp;<\/p>\n","protected":false},"excerpt":{"rendered":"<p><strong>Kodi:<\/strong> SER-CH-CA-5L<br \/>\n<strong>Novice Bottle 5L<\/strong><br \/>\n<strong>Kapacitet:<\/strong> 5L<br \/>\n<strong>Gjer\u00ebsi:<\/strong> 185mm<br \/>\n<strong>Lart\u00ebsi:<\/strong> 285 mm<br \/>\n<strong>Thell\u00ebsi:<\/strong> 129mm<br \/>\n<strong>Gjer\u00ebsi etikete:<\/strong> 140mm<br \/>\n<strong>Lart\u00ebsi etikete:<\/strong> 166mm<br \/>\n<strong>Metoda e prodhimit:<\/strong> PE<br \/>\n<strong>Cop\u00eb \/ palet\u00eb:<\/strong> 294<br \/>\n<strong>Paketimi:<\/strong> 1 palet\u00eb<\/p>\n","protected":false},"featured_media":20954,"template":"","meta":[],"product_brand":[],"product_cat":[1375,1376],"product_tag":[],"class_list":{"0":"post-20949","1":"product","2":"type-product","3":"status-publish","4":"has-post-thumbnail","6":"product_cat-kimikate-dhe-detergjente","7":"product_cat-ushqime","8":"ts_product_brand-serdar","10":"first","11":"instock","12":"taxable","13":"shipping-taxable","14":"product-type-simple"},"aioseo_notices":[],"_links":{"self":[{"href":"https:\/\/packmarkt.com\/sq\/wp-json\/wp\/v2\/product\/20949","targetHints":{"allow":["GET"]}}],"collection":[{"href":"https:\/\/packmarkt.com\/sq\/wp-json\/wp\/v2\/product"}],"about":[{"href":"https:\/\/packmarkt.com\/sq\/wp-json\/wp\/v2\/types\/product"}],"wp:featuredmedia":[{"embeddable":true,"href":"https:\/\/packmarkt.com\/sq\/wp-json\/wp\/v2\/media\/20954"}],"wp:attachment":[{"href":"https:\/\/packmarkt.com\/sq\/wp-json\/wp\/v2\/media?parent=20949"}],"wp:term":[{"taxonomy":"product_brand","embeddable":true,"href":"https:\/\/packmarkt.com\/sq\/wp-json\/wp\/v2\/product_brand?post=20949"},{"taxonomy":"product_cat","embeddable":true,"href":"https:\/\/packmarkt.com\/sq\/wp-json\/wp\/v2\/product_cat?post=20949"},{"taxonomy":"product_tag","embeddable":true,"href":"https:\/\/packmarkt.com\/sq\/wp-json\/wp\/v2\/product_tag?post=20949"}],"curies":[{"name":"wp","href":"https:\/\/api.w.org\/{rel}","templated":true}]}}