{"id":20776,"date":"2025-08-05T20:32:52","date_gmt":"2025-08-05T17:32:52","guid":{"rendered":"https:\/\/packmarkt.com\/product\/kontejner-ibc-1000l-me-palete-druri-un\/"},"modified":"2025-08-05T20:32:52","modified_gmt":"2025-08-05T17:32:52","slug":"kontejner-ibc-1000l-me-palete-druri-un","status":"publish","type":"product","link":"https:\/\/packmarkt.com\/sq\/produkt\/kontejner-ibc-1000l-me-palete-druri-un\/","title":{"rendered":"Kontejner IBC 1000L me palet\u00eb druri UN"},"content":{"rendered":"<p class=\"p1\">Kontejneri IBC 1000L me palet\u00eb druri UN \u00ebsht\u00eb nj\u00eb zgjidhje e besueshme dhe e certifikuar p\u00ebr ruajtjen dhe transportin e produkteve t\u00eb l\u00ebngshme, p\u00ebrfshir\u00eb materialet e rrezikshme. Shenja UN siguron pajtueshm\u00ebri me rregulloret nd\u00ebrkomb\u00ebtare, nd\u00ebrsa paleta e drurit ofron ekonomi dhe stabilitet p\u00ebr p\u00ebrdorim t\u00eb sigurt. <\/p>\n<h5><b>Karakteristika &amp; P\u00ebrfitime<\/b><\/h5>\n<ul>\n<li class=\"p1\"><span class=\"s1\"><b>Kapacitet i madh:<\/b><\/span> 1000 litra p\u00ebr produkte industriale, bujq\u00ebsore ose kimike.<\/li>\n<li class=\"p1\"><span class=\"s1\"><b>Certifikim UN:<\/b><\/span> Garanton siguri p\u00ebr l\u00ebngje t\u00eb rrezikshme dhe transport nd\u00ebrkomb\u00ebtar.<\/li>\n<li class=\"p1\"><span class=\"s1\"><b>Palet\u00eb druri:<\/b><\/span> Baz\u00eb e q\u00ebndrueshme dhe ekonomike p\u00ebr menaxhim t\u00eb leht\u00eb.<\/li>\n<li class=\"p1\"><span class=\"s1\"><b>Konstruksion i fort\u00eb:<\/b><\/span> Pesha 60kg ofron besueshm\u00ebri.<\/li>\n<li class=\"p1\"><span class=\"s1\"><b>P\u00ebrdorim i sigurt:<\/b><\/span> I pajtuesh\u00ebm me pirun\u00eb dhe palet\u00eb-ngrit\u00ebs p\u00ebr transport t\u00eb shpejt\u00eb.<\/li>\n<\/ul>\n<h5><b>Specifikime Teknike<\/b><\/h5>\n<ul>\n<li class=\"p1\"><b>Kapaciteti:<\/b><span class=\"s1\"> 1000L<\/span><\/li>\n<li class=\"p1\"><b>Dimensionet e jashtme:<\/b><span class=\"s1\"> 1000 x 1200 x 1165mm<\/span><\/li>\n<li class=\"p1\"><b>Pesha:<\/b><span class=\"s1\"> 60kg<\/span><\/li>\n<li class=\"p1\"><span class=\"s1\"><b>Shenja:<\/b><\/span> Certifikim UN<\/li>\n<li class=\"p1\"><b>Paketimi:<\/b><span class=\"s1\"> 1 cop\u00eb<\/span><\/li>\n<\/ul>\n<h5><b>Aplikimet<\/b><\/h5>\n<ul>\n<li class=\"p1\">Transporti i l\u00ebngjeve t\u00eb rrezikshme dhe produkteve kimike<\/li>\n<li class=\"p1\">Industria farmaceutike dhe kozmetike<\/li>\n<li class=\"p1\">Produkte bujq\u00ebsore dhe kooperativa<\/li>\n<li class=\"p1\">Transport nd\u00ebrkomb\u00ebtar me specifikime t\u00eb rrepta<\/li>\n<\/ul>\n<p>&nbsp;<\/p>\n","protected":false},"excerpt":{"rendered":"<p><strong>Kodi:<\/strong> 152907<br \/>\n<strong>Kapaciteti:<\/strong> 1000L<br \/>\n<strong>Dimensionet e jashtme:<\/strong> 1000x1200x1165mm<br \/>\n<strong>Pesha:<\/strong> 60kg<br \/>\n<strong>Shenja:<\/strong> Certifikim UN<br \/>\n<strong>Paketimi:<\/strong> 1 cop\u00eb<\/p>\n","protected":false},"featured_media":7379,"template":"","meta":[],"product_brand":[],"product_cat":[1388],"product_tag":[],"class_list":{"0":"post-20776","1":"product","2":"type-product","3":"status-publish","4":"has-post-thumbnail","6":"product_cat-konteniere-plastik-ibc","7":"ts_product_brand-deren","9":"first","10":"instock","11":"taxable","12":"shipping-taxable","13":"purchasable","14":"product-type-simple"},"aioseo_notices":[],"_links":{"self":[{"href":"https:\/\/packmarkt.com\/sq\/wp-json\/wp\/v2\/product\/20776","targetHints":{"allow":["GET"]}}],"collection":[{"href":"https:\/\/packmarkt.com\/sq\/wp-json\/wp\/v2\/product"}],"about":[{"href":"https:\/\/packmarkt.com\/sq\/wp-json\/wp\/v2\/types\/product"}],"wp:featuredmedia":[{"embeddable":true,"href":"https:\/\/packmarkt.com\/sq\/wp-json\/wp\/v2\/media\/7379"}],"wp:attachment":[{"href":"https:\/\/packmarkt.com\/sq\/wp-json\/wp\/v2\/media?parent=20776"}],"wp:term":[{"taxonomy":"product_brand","embeddable":true,"href":"https:\/\/packmarkt.com\/sq\/wp-json\/wp\/v2\/product_brand?post=20776"},{"taxonomy":"product_cat","embeddable":true,"href":"https:\/\/packmarkt.com\/sq\/wp-json\/wp\/v2\/product_cat?post=20776"},{"taxonomy":"product_tag","embeddable":true,"href":"https:\/\/packmarkt.com\/sq\/wp-json\/wp\/v2\/product_tag?post=20776"}],"curies":[{"name":"wp","href":"https:\/\/api.w.org\/{rel}","templated":true}]}}