{"id":20748,"date":"2025-08-05T20:14:58","date_gmt":"2025-08-05T20:14:58","guid":{"rendered":"https:\/\/packmarkt.com\/product\/palete-plastike-higjienike-me-blloqe-1000x1200mm\/"},"modified":"2026-04-14T16:14:06","modified_gmt":"2026-04-14T13:14:06","slug":"palete-plastike-higjienike-me-blloqe-1000x1200mm","status":"publish","type":"product","link":"https:\/\/packmarkt.com\/sq\/produkt\/palete-plastike-higjienike-me-blloqe-1000x1200mm\/","title":{"rendered":"Palet\u00eb plastike e r\u00ebnd\u00eb, e mbyllur, me blloqe 1000x1200mm"},"content":{"rendered":"<p>Paleta 1210PJQ1 \u00ebsht\u00eb nj\u00eb zgjidhje e q\u00ebndrueshme transporti dhe magazinimi, e prodhuar nga polietileni me densitet t\u00eb lart\u00eb (HDPE). Projektuar p\u00ebr p\u00ebrdorim intensiv n\u00eb industri, logjistik\u00eb, zinxhir\u00eb furnizimi dhe ambiente ku k\u00ebrkohet q\u00ebndrueshm\u00ebri dhe besueshm\u00ebri. <\/p>\n<ul>\n<li><span class=\"s1\"><b>Q\u00ebndrueshm\u00ebri e lart\u00eb:<\/b><\/span> Ngarkes\u00eb statike deri n\u00eb 4000kg, ideale p\u00ebr magazinim t\u00eb r\u00ebnd\u00eb.<\/li>\n<li><span class=\"s1\"><b>Transport i sigurt:<\/b><\/span> Ngarkes\u00eb dinamike deri n\u00eb 1000kg p\u00ebr l\u00ebvizje t\u00eb qet\u00eb.<\/li>\n<li><span class=\"s1\"><b>Material i q\u00ebndruesh\u00ebm:<\/b><\/span> E prodhuar nga HDPE, ofron jet\u00ebgjat\u00ebsi t\u00eb madhe dhe rezistenc\u00eb ndaj lag\u00ebshtis\u00eb dhe kimikateve.<\/li>\n<li><span class=\"s1\"><b>Stabilitet i p\u00ebrforcuar:<\/b><\/span> Fal\u00eb 9 blloqeve, siguron pozicionim dhe transport t\u00eb sigurt.<\/li>\n<\/ul>\n<h5><b>Specifikime Teknike<\/b><\/h5>\n<ul>\n<li><span class=\"s1\"><b>Dimensionet:<\/b><\/span> 1000 x 1200 x 140mm<\/li>\n<li><b>Pesha:<\/b><span class=\"s1\"> 14,5kg<\/span><\/li>\n<li><span class=\"s1\"><b>Materiali:<\/b><\/span> Polietilen Primar me Densitet t\u00eb Lart\u00eb (HDPE 1)<\/li>\n<li><b>Ngarkesa dinamike:<\/b><span class=\"s1\"> 1000kg<\/span><\/li>\n<li><b>Ngarkesa statike:<\/b><span class=\"s1\"> 4000kg<\/span><\/li>\n<li><span class=\"s1\"><b>Raft:<\/b><\/span> 400kg<\/li>\n<li><b>Paketimi:<\/b><span class=\"s1\"> 1 cop\u00eb<\/span><\/li>\n<\/ul>\n<h5><b>Aplikimet<\/b><\/h5>\n<ul>\n<li>Industrit\u00eb e ushqimit, pijeve dhe farmaceutike<\/li>\n<li>Zinxhir\u00ebt e supermarketeve dhe logjistika<\/li>\n<li>Magazina dhe qendra shp\u00ebrndarjeje<\/li>\n<li>Prodhimi bujq\u00ebsor dhe kooperativat<\/li>\n<\/ul>\n<p>&nbsp;<\/p>\n","protected":false},"excerpt":{"rendered":"<p><strong>Kodi:<\/strong> 1210PJQ1<br \/>\n<strong>Materiali:<\/strong> Polietilen Primar me Densitet t\u00eb Lart\u00eb (HDPE1)<br \/>\n<strong>Dimensionet:<\/strong> 1000X1200X140mm<br \/>\n<strong>Pesha:<\/strong> 14,5kg<br \/>\n<strong>Ngarkes\u00eb dinamike:<\/strong> 1000kg<br \/>\n<strong>Ngarkes\u00eb statike:<\/strong> 4000kg<br \/>\n<strong>Raft:<\/strong> 400kg<br \/>\n<strong>Paketimi:<\/strong> 1 cop\u00eb<\/p>\n","protected":false},"featured_media":43020,"template":"","meta":[],"product_brand":[],"product_cat":[1370,1369],"product_tag":[],"class_list":{"0":"post-20748","1":"product","2":"type-product","3":"status-publish","4":"has-post-thumbnail","6":"product_cat-paleta-plastike","7":"product_cat-paleta","8":"ts_product_brand-dogan","10":"first","11":"instock","12":"taxable","13":"shipping-taxable","14":"purchasable","15":"product-type-simple"},"aioseo_notices":[],"_links":{"self":[{"href":"https:\/\/packmarkt.com\/sq\/wp-json\/wp\/v2\/product\/20748","targetHints":{"allow":["GET"]}}],"collection":[{"href":"https:\/\/packmarkt.com\/sq\/wp-json\/wp\/v2\/product"}],"about":[{"href":"https:\/\/packmarkt.com\/sq\/wp-json\/wp\/v2\/types\/product"}],"wp:featuredmedia":[{"embeddable":true,"href":"https:\/\/packmarkt.com\/sq\/wp-json\/wp\/v2\/media\/43020"}],"wp:attachment":[{"href":"https:\/\/packmarkt.com\/sq\/wp-json\/wp\/v2\/media?parent=20748"}],"wp:term":[{"taxonomy":"product_brand","embeddable":true,"href":"https:\/\/packmarkt.com\/sq\/wp-json\/wp\/v2\/product_brand?post=20748"},{"taxonomy":"product_cat","embeddable":true,"href":"https:\/\/packmarkt.com\/sq\/wp-json\/wp\/v2\/product_cat?post=20748"},{"taxonomy":"product_tag","embeddable":true,"href":"https:\/\/packmarkt.com\/sq\/wp-json\/wp\/v2\/product_tag?post=20748"}],"curies":[{"name":"wp","href":"https:\/\/api.w.org\/{rel}","templated":true}]}}