{"id":20642,"date":"2026-03-02T11:29:59","date_gmt":"2026-03-02T08:29:59","guid":{"rendered":"https:\/\/packmarkt.com\/?post_type=product&#038;p=20642"},"modified":"2026-03-12T14:11:24","modified_gmt":"2026-03-12T11:11:24","slug":"shishe-castor-1000ml","status":"publish","type":"product","link":"https:\/\/packmarkt.com\/sq\/produkt\/shishe-castor-1000ml\/","title":{"rendered":"Shishe Castor 1000ml"},"content":{"rendered":"<p>Shishe p\u00ebr vaj \u00ebsht\u00eb dizajnuar me eleganc\u00eb dhe praktik\u00eb, e p\u00ebrshtatshme p\u00ebr ruajtjen e vajrave natyral\u00eb t\u00eb cil\u00ebsis\u00eb s\u00eb lart\u00eb si vaji i kastorit, vaj ulliri, vajra bimore ose eterik\u00eb. Nd\u00ebrtimi i q\u00ebndruesh\u00ebm dhe elegant i qelqit dallon n\u00eb raft, duke ofruar siguri dhe ergonomi gjat\u00eb p\u00ebrdorimit.<\/p>\n<h5><b>Karakteristikat &amp; P\u00ebrfitimet<\/b><\/h5>\n<ul>\n<li>Prodhim nga <strong>Black <\/strong><strong>glass<\/strong>, i cili mbron n\u00eb m\u00ebnyr\u00eb efektive p\u00ebrmbajtjen nga drita.<\/li>\n<li>Ruajt freskin\u00eb, cil\u00ebsin\u00eb dhe karakteristikat natyrore t\u00eb vajrave t\u00eb l\u00ebngsh\u00ebm.<\/li>\n<li>Airtight dhe i sigurt p\u00ebr ruajtjen e jet\u00ebs s\u00eb vajrave.<\/li>\n<li>Praktik dhe i leht\u00eb p\u00ebr p\u00ebrdorim t\u00eb p\u00ebrditsh\u00ebm ose aplikim profesional.<\/li>\n<\/ul>\n<h5><b>Karakteristikat Teknike<\/b><\/h5>\n<ul>\n<li><strong>Materiali:<\/strong> Black glass<\/li>\n<li><strong>Kapaciteti:<\/strong> 1000ml<\/li>\n<li><strong>Gjatesia:<\/strong> 320,7 mm<\/li>\n<li><strong>Pesha:<\/strong> 771 gr<\/li>\n<li><strong>Gryk\u00eb:<\/strong> 31.5 STD Screw<\/li>\n<li><strong>Forma:\u00a0<\/strong>Kat\u00ebrk\u00ebnd\u00ebsh<\/li>\n<\/ul>\n<h5><b>Aplikimet<\/b><\/h5>\n<ul>\n<li>Ruajtja dhe shitja e vajrave natyral\u00eb dhe eterik\u00eb.<\/li>\n<li>P\u00ebrdorim n\u00eb sallone bukurie, spa dhe produkte natyrale p\u00ebr kujdes.<\/li>\n<li>Ideale p\u00ebr kuzhin\u00eb, gatim dhe p\u00ebrdorime farmaceutike.<\/li>\n<\/ul>\n","protected":false},"excerpt":{"rendered":"<p><strong>Kodi:<\/strong> SM130027-204<br \/>\n<strong>Materiali: <\/strong>Black glass<br \/>\n<strong>Kapaciteti: <\/strong>1000ml<br \/>\n<strong>Gjatesia: <\/strong>320,7 mm<br \/>\n<strong>Pesha: <\/strong>771 gr<br \/>\n<strong>Gryk\u00eb:<\/strong> 31.5 STD Screw<br \/>\n<strong>Forma:<\/strong>Kat\u00ebrk\u00ebnd\u00ebsh<\/p>\n","protected":false},"featured_media":21789,"template":"","meta":[],"product_brand":[],"product_cat":[15],"product_tag":[],"class_list":{"0":"post-20642","1":"product","2":"type-product","3":"status-publish","4":"has-post-thumbnail","6":"product_cat-mpitonia","7":"ts_product_brand-miron","9":"first","10":"instock","11":"taxable","12":"shipping-taxable","13":"product-type-simple"},"aioseo_notices":[],"_links":{"self":[{"href":"https:\/\/packmarkt.com\/sq\/wp-json\/wp\/v2\/product\/20642","targetHints":{"allow":["GET"]}}],"collection":[{"href":"https:\/\/packmarkt.com\/sq\/wp-json\/wp\/v2\/product"}],"about":[{"href":"https:\/\/packmarkt.com\/sq\/wp-json\/wp\/v2\/types\/product"}],"wp:featuredmedia":[{"embeddable":true,"href":"https:\/\/packmarkt.com\/sq\/wp-json\/wp\/v2\/media\/21789"}],"wp:attachment":[{"href":"https:\/\/packmarkt.com\/sq\/wp-json\/wp\/v2\/media?parent=20642"}],"wp:term":[{"taxonomy":"product_brand","embeddable":true,"href":"https:\/\/packmarkt.com\/sq\/wp-json\/wp\/v2\/product_brand?post=20642"},{"taxonomy":"product_cat","embeddable":true,"href":"https:\/\/packmarkt.com\/sq\/wp-json\/wp\/v2\/product_cat?post=20642"},{"taxonomy":"product_tag","embeddable":true,"href":"https:\/\/packmarkt.com\/sq\/wp-json\/wp\/v2\/product_tag?post=20642"}],"curies":[{"name":"wp","href":"https:\/\/api.w.org\/{rel}","templated":true}]}}